{"id":135,"date":"2020-08-31T12:56:02","date_gmt":"2020-08-31T12:56:02","guid":{"rendered":"https:\/\/www.salutegaribaldi.com.ar\/saluteStore\/?page_id=135"},"modified":"2025-10-23T19:33:42","modified_gmt":"2025-10-23T19:33:42","slug":"locales","status":"publish","type":"page","link":"https:\/\/www.salutegaribaldi.com.ar\/saluteStore\/locales\/","title":{"rendered":"Locales"},"content":{"rendered":"<div class=\"boldgrid-section\">\n<div class=\"container\">\n<div class=\"row\" style=\"padding-top: 0em; padding-bottom: 0em; margin: 0px -31px; width: auto; box-shadow: #cecece 0px 0px 0px 0px;\">\n<div class=\"col-md-3 col-sm-12 col-xs-12 col-lg-3\" style=\"text-align: center; padding-top: 2em;\">\n<div class=\"row bg-editor-hr-wrap\" style=\"padding: 0em; margin-top: 0px; margin-right: 0px; margin-left: 0px;\">\n<div class=\"col-md-12 col-xs-12 col-sm-12 col-lg-12\">\n<div>\n<p>ABIERTO 24 HS<\/p>\n<div><span style=\"color: inherit; font-family: Italianno; font-size: 44px;\">Caballito<\/span><br \/>\n<iframe loading=\"lazy\" id=\"gmap_canvas\" src=\"https:\/\/maps.google.com\/maps?q=Av.%20Angel%20Gallardo%20774%2C%201405%20CABA&amp;t=&amp;z=13&amp;ie=UTF8&amp;iwloc=&amp;output=embed\" width=\"100%\" height=\"200\" frameborder=\"0\" marginwidth=\"0\" marginheight=\"0\" scrolling=\"no\"><\/iframe><\/p>\n<div>\n<div>\n<div class=\"mapouter\">\n<h5 style=\"font-size: 16px;\">Av. Angel Gallardo 774,<br \/>\n(1405) CABA<\/h5>\n<\/div>\n<\/div>\n<p class=\"\"><i class=\"fa bg-inserted-icon fa-phone\" style=\"font-size: 16px; padding: 0em; margin: -74px; background-color: rgba(198, 198, 198, 0);\" aria-hidden=\"true\"><br \/>\n<span style=\"display: none;\">&nbsp;<\/span> <\/i><\/p>\n<p class=\"\" style=\"font-weight: 600; font-size: 25px; line-height: 1em;\" data-font-weight=\"600\"><a href=\"tel:1134697781\">11- 3469-7781<\/a><\/p>\n<p class=\"\" style=\"color: #f70c0c; font-style: normal; font-weight: 600; font-size: 20px;\" data-font-style=\"normal\" data-font-weight=\"600\">ABIERTO 24 HS<\/p>\n<p class=\"\">HORARIO DELIVERY:<br \/>\nLunes a s\u00e1bados de 11.30 a 22.45hs<br \/>\nDomingos de 17.30 a 22.45<\/p>\n<\/div>\n<\/div>\n<\/div>\n<\/div>\n<\/div>\n<\/div>\n<div class=\"col-md-3 col-sm-12 col-xs-12 boldgrid-section col-lg-3\" style=\"text-align: center; padding-top: 2em;\">\n<div class=\"container\">\n<div class=\"row bg-editor-hr-wrap\" style=\"padding-top: 0em; margin-top: 0px;\">\n<div class=\"col-md-12 col-xs-12 col-sm-12 col-lg-12\">\n<div><span style=\"color: inherit; font-family: Italianno; font-size: 44px;\">Devoto<\/span><br \/>\n<iframe loading=\"lazy\" id=\"gmap_canvas\" src=\"https:\/\/maps.google.com\/maps?q=Gualeguaych%C3%BA%202993%2C%201417%2C%20CABA&amp;t=&amp;z=13&amp;ie=UTF8&amp;iwloc=&amp;output=embed\" width=\"100%\" height=\"200\" frameborder=\"0\" marginwidth=\"0\" marginheight=\"0\" scrolling=\"no\"><\/iframe><\/p>\n<div class=\"mapouter\">\n<p class=\"mod-reset\"><span style=\"color: inherit; font-family: Raleway; font-size: 16px; text-transform: uppercase;\">Gualeguaych\u00fa 2993<br \/>\n<\/span><span style=\"color: inherit; font-family: Raleway; font-size: 16px; text-transform: uppercase;\">(1417) CABA<\/span><\/p>\n<\/div>\n<\/div>\n<\/div>\n<\/div>\n<\/div>\n<p class=\"\"><i class=\"fa bg-inserted-icon fa-phone\" style=\"font-size: 16px; padding: 0em; margin: -77px; background-color: rgba(198, 198, 198, 0);\" aria-hidden=\"true\"><br \/>\n<span style=\"display: none;\">\/span&gt; <\/span><\/i><\/p>\n<p class=\"\" style=\"font-weight: 600; font-size: 25px; line-height: 1em;\" data-font-weight=\"600\"><a href=\"tel:1146480842\">11-4648-0842<\/a><\/p>\n<p class=\"\" data-font-weight=\"600\">HORARIO DE ATENCI\u00d3N:<br \/>\nMartes mi\u00e9rcoles jueves y domingos de 19 a 23hs<br \/>\nViernes y s\u00e1bados de 13 a 23.30hs<\/p>\n<p class=\"\" data-font-weight=\"600\">LUNES CERRADO<\/p>\n<p class=\"\" data-font-weight=\"600\">&nbsp;<\/p>\n<\/div>\n<div class=\"col-md-3 col-sm-12 col-xs-12 boldgrid-section col-lg-3\" style=\"text-align: center; padding-top: 2em;\">\n<div class=\"container\">\n<div class=\"row bg-editor-hr-wrap\" style=\"padding-top: 0em; margin-top: 0px;\">\n<div class=\"col-md-12 col-xs-12 col-sm-12 col-lg-12\">\n<div>\n<p class=\"\" style=\"line-height: 0.9em;\"><span style=\"color: inherit; font-family: Italianno; font-size: 44px;\">Parque Chacabuco<\/span><\/p>\n<div>\n<div class=\"mapouter\">\n<div class=\"gmap_canvas\"><iframe loading=\"lazy\" id=\"gmap_canvas\" src=\"https:\/\/maps.google.com\/maps?q=Av.%20Directorio%20902%2C%201424%20CABA&amp;t=&amp;z=13&amp;ie=UTF8&amp;iwloc=&amp;output=embed\" width=\"100%\" height=\"200\" frameborder=\"0\" marginwidth=\"0\" marginheight=\"0\" scrolling=\"no\"><\/iframe><\/div>\n<p class=\"mod-reset\"><span style=\"font-size: 16px; color: inherit; font-family: Raleway; text-transform: uppercase;\">Av. Directorio 902<br \/>\n<\/span><span style=\"color: inherit; font-family: Raleway; font-size: 16px; text-transform: uppercase;\">(1424) CABA<\/span><\/p>\n<\/div>\n<\/div>\n<\/div>\n<\/div>\n<\/div>\n<\/div>\n<p class=\"\"><i class=\"fa bg-inserted-icon fa-phone\" style=\"font-size: 16px; padding: 0em; margin: -74px; background-color: rgba(198, 198, 198, 0);\" aria-hidden=\"true\"><br \/>\n<span style=\"display: none;\">&nbsp;<\/span> <\/i><\/p>\n<p class=\"\" style=\"font-weight: 600; font-size: 25px; line-height: 1em;\" data-font-weight=\"600\"><a href=\"tel:1149226314\">11-4922-6314<\/a><br \/>\n<a href=\"tel:1149339231\">11-4922-9231<\/a><\/p>\n<div class=\"container\">\n<div class=\"row bg-editor-hr-wrap\">\n<div class=\"col-md-12 col-xs-12 col-sm-12 col-lg-12\">\n<div>HORARIO DE ATENCI\u00d3N:<\/div>\n<\/div>\n<\/div>\n<\/div>\n<div class=\"container\">\n<div class=\"row bg-editor-hr-wrap\" style=\"padding-top: 0em; margin-top: 0px;\">\n<div class=\"col-md-12 col-xs-12 col-sm-12 col-lg-12\">\n<div>Lunes a s\u00e1bados<br \/>\nde 11.30 a 22.45hs<br \/>\nDomingos de 17.30 a 22.45<\/div>\n<\/div>\n<\/div>\n<\/div>\n<div class=\"container\">\n<div class=\"row bg-editor-hr-wrap\">\n<div class=\"col-md-12 col-xs-12 col-sm-12 col-lg-12\">\n<div><\/div>\n<\/div>\n<\/div>\n<\/div>\n<\/div>\n<div class=\"boldgrid-section\"><\/div>\n<\/div>\n<\/div>\n<\/div>\n","protected":false},"excerpt":{"rendered":"<p>ABIERTO 24 HS Caballito Av. Angel Gallardo 774, (1405) CABA &nbsp; 11- 3469-7781 ABIERTO 24 HS HORARIO DELIVERY: Lunes a s\u00e1bados de 11.30 a 22.45hs Domingos de 17.30 a 22.45 Devoto Gualeguaych\u00fa 2993 (1417) CABA \/span&gt; 11-4648-0842 HORARIO DE ATENCI\u00d3N: Martes mi\u00e9rcoles jueves y domingos de 19 a 23hs Viernes y s\u00e1bados de 13 a [&hellip;]<\/p>\n","protected":false},"author":1,"featured_media":0,"parent":0,"menu_order":0,"comment_status":"closed","ping_status":"closed","template":"","meta":{"bgseo_title":"","bgseo_description":"","bgseo_robots_index":"index","bgseo_robots_follow":"follow","om_disable_all_campaigns":false,"_monsterinsights_skip_tracking":false,"_monsterinsights_sitenote_active":false,"_monsterinsights_sitenote_note":"","_monsterinsights_sitenote_category":0,"footnotes":""},"class_list":["post-135","page","type-page","status-publish"],"jetpack_sharing_enabled":true,"_links":{"self":[{"href":"https:\/\/www.salutegaribaldi.com.ar\/saluteStore\/wp-json\/wp\/v2\/pages\/135","targetHints":{"allow":["GET"]}}],"collection":[{"href":"https:\/\/www.salutegaribaldi.com.ar\/saluteStore\/wp-json\/wp\/v2\/pages"}],"about":[{"href":"https:\/\/www.salutegaribaldi.com.ar\/saluteStore\/wp-json\/wp\/v2\/types\/page"}],"author":[{"embeddable":true,"href":"https:\/\/www.salutegaribaldi.com.ar\/saluteStore\/wp-json\/wp\/v2\/users\/1"}],"replies":[{"embeddable":true,"href":"https:\/\/www.salutegaribaldi.com.ar\/saluteStore\/wp-json\/wp\/v2\/comments?post=135"}],"version-history":[{"count":10,"href":"https:\/\/www.salutegaribaldi.com.ar\/saluteStore\/wp-json\/wp\/v2\/pages\/135\/revisions"}],"predecessor-version":[{"id":630,"href":"https:\/\/www.salutegaribaldi.com.ar\/saluteStore\/wp-json\/wp\/v2\/pages\/135\/revisions\/630"}],"wp:attachment":[{"href":"https:\/\/www.salutegaribaldi.com.ar\/saluteStore\/wp-json\/wp\/v2\/media?parent=135"}],"curies":[{"name":"wp","href":"https:\/\/api.w.org\/{rel}","templated":true}]}}